{"id":5044,"date":"2025-12-10T11:59:41","date_gmt":"2025-12-10T11:59:41","guid":{"rendered":"https:\/\/sdhcdljt.com\/?page_id=5044"},"modified":"2025-12-11T06:57:20","modified_gmt":"2025-12-11T06:57:20","slug":"history","status":"publish","type":"page","link":"https:\/\/sdhcdljt.com\/tr\/tarih\/","title":{"rendered":"Tarih"},"content":{"rendered":"<div data-elementor-type=\"wp-page\" data-elementor-id=\"5044\" class=\"elementor elementor-5044\" data-elementor-post-type=\"page\">\n\t\t\t\t<div data-particle_enable=\"false\" data-particle-mobile-disabled=\"false\" class=\"elementor-element elementor-element-3d5b31d e-flex e-con-boxed e-con e-parent\" data-id=\"3d5b31d\" data-element_type=\"container\" data-e-type=\"container\" data-settings=\"{&quot;background_background&quot;:&quot;classic&quot;}\">\n\t\t\t\t\t<div class=\"e-con-inner\">\n\t\t\t\t<div class=\"elementor-element elementor-element-c5e1081 elementor-widget__width-initial elementor-widget elementor-widget-eael-content-timeline\" data-id=\"c5e1081\" data-element_type=\"widget\" data-e-type=\"widget\" data-widget_type=\"eael-content-timeline.default\">\n\t\t\t\t\t\t\t<div id=\"eael-content-timeline-c5e1081\" class=\"content-timeline-layout-center date-position- horizontal-timeline-wrapper\" data-slide_to_scroll=\"{&quot;desktop&quot;:1,&quot;mobile&quot;:1,&quot;tablet&quot;:1}\">\n\t\t\t<div class=\"eael-content-timeline-container\">\n\t\t\t\t<div class=\"eael-content-timeline-container\">\n\t\t\t\t\t\t\t\t\t\t\t\t\t\t\t\t\t\t\t\t\t\t\t<div class=\"eael-content-timeline-block\">\n    <div class=\"eael-content-timeline-line\">\n        <div class=\"eael-content-timeline-inner\"><\/div>\n    <\/div>\n    <div class=\"eael-content-timeline-img eael-picture\"><\/div><div class=\"eael-content-timeline-content\"><h2 class=\"eael-timeline-title\">2010<\/h2><p>2010 y\u0131l\u0131nda \u015firket kuruldu ve CCC sertifikas\u0131n\u0131 ald\u0131 ve resmi olarak \u00fcretime ba\u015flad\u0131.<\/p><span class=\"eael-date\"><\/span><\/div><\/div>\t\t\t\t\t\t\t\t\t\t\t\t\t\t\t\t\t\t<div class=\"eael-content-timeline-block\">\n    <div class=\"eael-content-timeline-line\">\n        <div class=\"eael-content-timeline-inner\"><\/div>\n    <\/div>\n    <div class=\"eael-content-timeline-img eael-picture\"><svg class=\"e-font-icon-svg e-fas-pencil-alt\" viewbox=\"0 0 512 512\" xmlns=\"http:\/\/www.w3.org\/2000\/svg\"><path d=\"M497.9 142.1l-46.1 46.1c-4.7 4.7-12.3 4.7-17 0l-111-111c-4.7-4.7-4.7-12.3 0-17l46.1-46.1c18.7-18.7 49.1-18.7 67.9 0l60.1 60.1c18.8 18.7 18.8 49.1 0 67.9zM284.2 99.8L21.6 362.4.4 483.9c-2.9 16.4 11.4 30.6 27.8 27.8l121.5-21.3 262.6-262.6c4.7-4.7 4.7-12.3 0-17l-111-111c-4.8-4.7-12.4-4.7-17.1 0zM124.1 339.9c-5.5-5.5-5.5-14.3 0-19.8l154-154c5.5-5.5 14.3-5.5 19.8 0s5.5 14.3 0 19.8l-154 154c-5.5 5.5-14.3 5.5-19.8 0zM88 424h48v36.3l-64.5 11.3-31.1-31.1L51.7 376H88v48z\"><\/path><\/svg><\/div><div class=\"eael-content-timeline-content\"><h2 class=\"eael-timeline-title\"><a href=\"#\">2014<\/a><\/h2><p>2014 y\u0131l\u0131nda \"Ulusal End\u00fcstriyel \u00dcr\u00fcn \u00dcretim Lisans\u0131\"n\u0131 alm\u0131\u015ft\u0131r;<\/p><p>\u015eirket, \"G\u00fcvenli \u00dcretim Standardizasyonunda Seviye III \u0130\u015fletme\" olarak derecelendirilmi\u015ftir.<\/p><span class=\"eael-date\"><\/span><\/div><\/div>\t\t\t\t\t\t\t\t\t\t\t\t\t\t\t\t\t\t<div class=\"eael-content-timeline-block\">\n    <div class=\"eael-content-timeline-line\">\n        <div class=\"eael-content-timeline-inner\"><\/div>\n    <\/div>\n    <div class=\"eael-content-timeline-img eael-picture\"><svg class=\"e-font-icon-svg e-fas-pencil-alt\" viewbox=\"0 0 512 512\" xmlns=\"http:\/\/www.w3.org\/2000\/svg\"><path d=\"M497.9 142.1l-46.1 46.1c-4.7 4.7-12.3 4.7-17 0l-111-111c-4.7-4.7-4.7-12.3 0-17l46.1-46.1c18.7-18.7 49.1-18.7 67.9 0l60.1 60.1c18.8 18.7 18.8 49.1 0 67.9zM284.2 99.8L21.6 362.4.4 483.9c-2.9 16.4 11.4 30.6 27.8 27.8l121.5-21.3 262.6-262.6c4.7-4.7 4.7-12.3 0-17l-111-111c-4.8-4.7-12.4-4.7-17.1 0zM124.1 339.9c-5.5-5.5-5.5-14.3 0-19.8l154-154c5.5-5.5 14.3-5.5 19.8 0s5.5 14.3 0 19.8l-154 154c-5.5 5.5-14.3 5.5-19.8 0zM88 424h48v36.3l-64.5 11.3-31.1-31.1L51.7 376H88v48z\"><\/path><\/svg><\/div><div class=\"eael-content-timeline-content\"><h2 class=\"eael-timeline-title\"><a href=\"#\">2017<\/a><\/h2><p>2017 y\u0131l\u0131nda Qilu Hisse Senedi Borsas\u0131'nda (hisse senedi i\u015flem kodu: 301173) ba\u015far\u0131yla i\u015flem g\u00f6rmeye ba\u015flad\u0131.<\/p><p>ISO 9001 kalite y\u00f6netim sistemi, ISO 14001 \u00e7evre y\u00f6netim sistemi ve OHSAS 18001 i\u015f sa\u011fl\u0131\u011f\u0131 ve g\u00fcvenli\u011fi y\u00f6netim sistemi sertifikalar\u0131n\u0131 ba\u015far\u0131yla alm\u0131\u015ft\u0131r.<\/p><span class=\"eael-date\"><\/span><\/div><\/div>\t\t\t\t\t\t\t\t\t\t\t\t\t\t\t\t\t\t<div class=\"eael-content-timeline-block\">\n    <div class=\"eael-content-timeline-line\">\n        <div class=\"eael-content-timeline-inner\"><\/div>\n    <\/div>\n    <div class=\"eael-content-timeline-img eael-picture\"><svg class=\"e-font-icon-svg e-fas-pencil-alt\" viewbox=\"0 0 512 512\" xmlns=\"http:\/\/www.w3.org\/2000\/svg\"><path d=\"M497.9 142.1l-46.1 46.1c-4.7 4.7-12.3 4.7-17 0l-111-111c-4.7-4.7-4.7-12.3 0-17l46.1-46.1c18.7-18.7 49.1-18.7 67.9 0l60.1 60.1c18.8 18.7 18.8 49.1 0 67.9zM284.2 99.8L21.6 362.4.4 483.9c-2.9 16.4 11.4 30.6 27.8 27.8l121.5-21.3 262.6-262.6c4.7-4.7 4.7-12.3 0-17l-111-111c-4.8-4.7-12.4-4.7-17.1 0zM124.1 339.9c-5.5-5.5-5.5-14.3 0-19.8l154-154c5.5-5.5 14.3-5.5 19.8 0s5.5 14.3 0 19.8l-154 154c-5.5 5.5-14.3 5.5-19.8 0zM88 424h48v36.3l-64.5 11.3-31.1-31.1L51.7 376H88v48z\"><\/path><\/svg><\/div><div class=\"eael-content-timeline-content\"><h2 class=\"eael-timeline-title\"><a href=\"#\">2018<\/a><\/h2><p>19 Ekim 2018 tarihinde, Shandong Eyaleti K\u00fc\u00e7\u00fck ve Orta \u00d6l\u00e7ekli \u0130\u015fletmeler B\u00fcrosu taraf\u0131ndan \"Shandong Eyaletinde Bir \u0130\u015fletme, Bir Teknolojik \u0130novasyon \u0130\u015fletmesi (14. Grup)\" unvan\u0131 ile \u00f6d\u00fcllendirildi.<\/p><span class=\"eael-date\"><\/span><\/div><\/div>\t\t\t\t\t\t\t\t\t\t\t\t\t\t\t\t\t\t<div class=\"eael-content-timeline-block\">\n    <div class=\"eael-content-timeline-line\">\n        <div class=\"eael-content-timeline-inner\"><\/div>\n    <\/div>\n    <div class=\"eael-content-timeline-img eael-picture\"><svg class=\"e-font-icon-svg e-fas-pencil-alt\" viewbox=\"0 0 512 512\" xmlns=\"http:\/\/www.w3.org\/2000\/svg\"><path d=\"M497.9 142.1l-46.1 46.1c-4.7 4.7-12.3 4.7-17 0l-111-111c-4.7-4.7-4.7-12.3 0-17l46.1-46.1c18.7-18.7 49.1-18.7 67.9 0l60.1 60.1c18.8 18.7 18.8 49.1 0 67.9zM284.2 99.8L21.6 362.4.4 483.9c-2.9 16.4 11.4 30.6 27.8 27.8l121.5-21.3 262.6-262.6c4.7-4.7 4.7-12.3 0-17l-111-111c-4.8-4.7-12.4-4.7-17.1 0zM124.1 339.9c-5.5-5.5-5.5-14.3 0-19.8l154-154c5.5-5.5 14.3-5.5 19.8 0s5.5 14.3 0 19.8l-154 154c-5.5 5.5-14.3 5.5-19.8 0zM88 424h48v36.3l-64.5 11.3-31.1-31.1L51.7 376H88v48z\"><\/path><\/svg><\/div><div class=\"eael-content-timeline-content\"><h2 class=\"eael-timeline-title\"><a href=\"#\">2019<\/a><\/h2><p>Ekim 2019\"da, Liaocheng Belediye Sanayi ve Bilgi Teknolojileri B\u00fcrosu taraf\u0131ndan 2019 y\u0131l\u0131nda belediye d\u00fczeyinde \"\u00f6zel, rafine ve yenilik\u00e7i\" KOB\u0130'lerin ikinci grubu aras\u0131nda yer ald\u0131\u011f\u0131 kabul edildi.<\/p><p>Aral\u0131k 2019\"da, mineral bak\u0131m\u0131ndan zenginle\u015ftirilmi\u015f \u00f6zel kablolar\u0131m\u0131z Shandong Eyaleti Kalite De\u011ferlendirme Derne\u011fi taraf\u0131ndan \"Shandong Y\u00fcksek Kaliteli Marka\" olarak kabul edildi.<\/p><p>31 Aral\u0131k 2019 tarihinde, Shandong Eyaleti Bilgi Teknolojileri Departman\u0131 taraf\u0131ndan Shandong Eyaletinde bir \"Ceylan\" i\u015fletmesi olarak tan\u0131nm\u0131\u015ft\u0131r.<\/p><span class=\"eael-date\"><\/span><\/div><\/div>\t\t\t\t\t\t\t\t\t\t\t\t\t\t\t\t\t\t<div class=\"eael-content-timeline-block\">\n    <div class=\"eael-content-timeline-line\">\n        <div class=\"eael-content-timeline-inner\"><\/div>\n    <\/div>\n    <div class=\"eael-content-timeline-img eael-picture\"><svg class=\"e-font-icon-svg e-fas-pencil-alt\" viewbox=\"0 0 512 512\" xmlns=\"http:\/\/www.w3.org\/2000\/svg\"><path d=\"M497.9 142.1l-46.1 46.1c-4.7 4.7-12.3 4.7-17 0l-111-111c-4.7-4.7-4.7-12.3 0-17l46.1-46.1c18.7-18.7 49.1-18.7 67.9 0l60.1 60.1c18.8 18.7 18.8 49.1 0 67.9zM284.2 99.8L21.6 362.4.4 483.9c-2.9 16.4 11.4 30.6 27.8 27.8l121.5-21.3 262.6-262.6c4.7-4.7 4.7-12.3 0-17l-111-111c-4.8-4.7-12.4-4.7-17.1 0zM124.1 339.9c-5.5-5.5-5.5-14.3 0-19.8l154-154c5.5-5.5 14.3-5.5 19.8 0s5.5 14.3 0 19.8l-154 154c-5.5 5.5-14.3 5.5-19.8 0zM88 424h48v36.3l-64.5 11.3-31.1-31.1L51.7 376H88v48z\"><\/path><\/svg><\/div><div class=\"eael-content-timeline-content\"><h2 class=\"eael-timeline-title\"><a href=\"#\">2020<\/a><\/h2><p>Kas\u0131m 2020\"de, sert mineral yal\u0131t\u0131ml\u0131 kablolar, Shandong Eyaleti Marka Olu\u015fturma Te\u015fvik Derne\u011fi taraf\u0131ndan \"Shandong \u00dcnl\u00fc Markas\u0131\" olarak tan\u0131nd\u0131.<\/p><p>4 Aral\u0131k 2020 tarihinde, Shandong Eyaleti Sanayi ve Bilgi Teknolojileri Bakanl\u0131\u011f\u0131 taraf\u0131ndan Shandong Eyaleti'nin \"\u00d6zel, Rafine, Benzersiz ve Yenilik\u00e7i\" \u0130\u015fletmesi unvan\u0131 ile \u00f6d\u00fcllendirildi.<\/p><span class=\"eael-date\"><\/span><\/div><\/div>\t\t\t\t\t\t\t\t\t\t\t\t\t\t\t\t\t\t<div class=\"eael-content-timeline-block\">\n    <div class=\"eael-content-timeline-line\">\n        <div class=\"eael-content-timeline-inner\"><\/div>\n    <\/div>\n    <div class=\"eael-content-timeline-img eael-picture\"><svg class=\"e-font-icon-svg e-fas-pencil-alt\" viewbox=\"0 0 512 512\" xmlns=\"http:\/\/www.w3.org\/2000\/svg\"><path d=\"M497.9 142.1l-46.1 46.1c-4.7 4.7-12.3 4.7-17 0l-111-111c-4.7-4.7-4.7-12.3 0-17l46.1-46.1c18.7-18.7 49.1-18.7 67.9 0l60.1 60.1c18.8 18.7 18.8 49.1 0 67.9zM284.2 99.8L21.6 362.4.4 483.9c-2.9 16.4 11.4 30.6 27.8 27.8l121.5-21.3 262.6-262.6c4.7-4.7 4.7-12.3 0-17l-111-111c-4.8-4.7-12.4-4.7-17.1 0zM124.1 339.9c-5.5-5.5-5.5-14.3 0-19.8l154-154c5.5-5.5 14.3-5.5 19.8 0s5.5 14.3 0 19.8l-154 154c-5.5 5.5-14.3 5.5-19.8 0zM88 424h48v36.3l-64.5 11.3-31.1-31.1L51.7 376H88v48z\"><\/path><\/svg><\/div><div class=\"eael-content-timeline-content\"><h2 class=\"eael-timeline-title\"><a href=\"#\">2021<\/a><\/h2><p>15 Aral\u0131k 2021 tarihinde Shandong Eyaleti Bilim ve Teknoloji Bakanl\u0131\u011f\u0131 taraf\u0131ndan \"Y\u00fcksek Teknoloji \u0130\u015fletmesi\" olarak tan\u0131nm\u0131\u015ft\u0131r.<\/p><span class=\"eael-date\"><\/span><\/div><\/div>\t\t\t\t\t\t\t\t\t\t\t\t\t\t\t\t\t\t<div class=\"eael-content-timeline-block\">\n    <div class=\"eael-content-timeline-line\">\n        <div class=\"eael-content-timeline-inner\"><\/div>\n    <\/div>\n    <div class=\"eael-content-timeline-img eael-picture\"><svg class=\"e-font-icon-svg e-fas-pencil-alt\" viewbox=\"0 0 512 512\" xmlns=\"http:\/\/www.w3.org\/2000\/svg\"><path d=\"M497.9 142.1l-46.1 46.1c-4.7 4.7-12.3 4.7-17 0l-111-111c-4.7-4.7-4.7-12.3 0-17l46.1-46.1c18.7-18.7 49.1-18.7 67.9 0l60.1 60.1c18.8 18.7 18.8 49.1 0 67.9zM284.2 99.8L21.6 362.4.4 483.9c-2.9 16.4 11.4 30.6 27.8 27.8l121.5-21.3 262.6-262.6c4.7-4.7 4.7-12.3 0-17l-111-111c-4.8-4.7-12.4-4.7-17.1 0zM124.1 339.9c-5.5-5.5-5.5-14.3 0-19.8l154-154c5.5-5.5 14.3-5.5 19.8 0s5.5 14.3 0 19.8l-154 154c-5.5 5.5-14.3 5.5-19.8 0zM88 424h48v36.3l-64.5 11.3-31.1-31.1L51.7 376H88v48z\"><\/path><\/svg><\/div><div class=\"eael-content-timeline-content\"><h2 class=\"eael-timeline-title\"><a href=\"#\">2022<\/a><\/h2><p>May\u0131s 2022\"de, Shandong Eyaleti T\u00fcketici Haklar\u0131 Koruma \u00c7al\u0131\u015fma Grubu Konferans\u0131 taraf\u0131ndan \"2021 Shandong Eyaleti G\u00fcven Verici T\u00fcketim G\u00f6sterim Birimi\" unvan\u0131 ile \u00f6d\u00fcllendirildi.<\/p><span class=\"eael-date\"><\/span><\/div><\/div>\t\t\t\t\t\t\t\t\t\t\t\t\t\t\t\t\t\t<div class=\"eael-content-timeline-block\">\n    <div class=\"eael-content-timeline-line\">\n        <div class=\"eael-content-timeline-inner\"><\/div>\n    <\/div>\n    <div class=\"eael-content-timeline-img eael-picture\"><svg class=\"e-font-icon-svg e-fas-pencil-alt\" viewbox=\"0 0 512 512\" xmlns=\"http:\/\/www.w3.org\/2000\/svg\"><path d=\"M497.9 142.1l-46.1 46.1c-4.7 4.7-12.3 4.7-17 0l-111-111c-4.7-4.7-4.7-12.3 0-17l46.1-46.1c18.7-18.7 49.1-18.7 67.9 0l60.1 60.1c18.8 18.7 18.8 49.1 0 67.9zM284.2 99.8L21.6 362.4.4 483.9c-2.9 16.4 11.4 30.6 27.8 27.8l121.5-21.3 262.6-262.6c4.7-4.7 4.7-12.3 0-17l-111-111c-4.8-4.7-12.4-4.7-17.1 0zM124.1 339.9c-5.5-5.5-5.5-14.3 0-19.8l154-154c5.5-5.5 14.3-5.5 19.8 0s5.5 14.3 0 19.8l-154 154c-5.5 5.5-14.3 5.5-19.8 0zM88 424h48v36.3l-64.5 11.3-31.1-31.1L51.7 376H88v48z\"><\/path><\/svg><\/div><div class=\"eael-content-timeline-content\"><h2 class=\"eael-timeline-title\"><a href=\"#\">2023<\/a><\/h2><p>A\u011fustos 2023\"te, Liaocheng Belediye Sendikalar Federasyonu taraf\u0131ndan \"T\u00fcm \u00c7al\u0131\u015fanlar i\u00e7in Yenilik\u00e7i \u0130\u015fletme\" unvan\u0131 ile \u00f6d\u00fcllendirildi.<\/p><p>28 Ekim 2023 tarihinde Liaocheng Belediyesi Sanayi ve Bilgi Teknolojileri B\u00fcrosu, Shandong Yanggu Hengchang Cable Group Co, Ltd'nin 'A\u011f\u0131r Hizmet Tipi Bak\u0131r \u00c7ekirdekli Bak\u0131r K\u0131l\u0131fl\u0131 Mineral \u0130zoleli Kablo \"sunun 2. Liaocheng \"Shuicheng Kupas\u0131\" End\u00fcstriyel Tasar\u0131m Yar\u0131\u015fmas\u0131nda M\u00fckemmellik \u00d6d\u00fcl\u00fc kazand\u0131\u011f\u0131n\u0131 duyurdu.<\/p><span class=\"eael-date\"><\/span><\/div><\/div>\t\t\t\t\t\t\t\t\t\t\t\t\t\t\t\t\t\t<div class=\"eael-content-timeline-block\">\n    <div class=\"eael-content-timeline-line\">\n        <div class=\"eael-content-timeline-inner\"><\/div>\n    <\/div>\n    <div class=\"eael-content-timeline-img eael-picture\"><svg class=\"e-font-icon-svg e-fas-pencil-alt\" viewbox=\"0 0 512 512\" xmlns=\"http:\/\/www.w3.org\/2000\/svg\"><path d=\"M497.9 142.1l-46.1 46.1c-4.7 4.7-12.3 4.7-17 0l-111-111c-4.7-4.7-4.7-12.3 0-17l46.1-46.1c18.7-18.7 49.1-18.7 67.9 0l60.1 60.1c18.8 18.7 18.8 49.1 0 67.9zM284.2 99.8L21.6 362.4.4 483.9c-2.9 16.4 11.4 30.6 27.8 27.8l121.5-21.3 262.6-262.6c4.7-4.7 4.7-12.3 0-17l-111-111c-4.8-4.7-12.4-4.7-17.1 0zM124.1 339.9c-5.5-5.5-5.5-14.3 0-19.8l154-154c5.5-5.5 14.3-5.5 19.8 0s5.5 14.3 0 19.8l-154 154c-5.5 5.5-14.3 5.5-19.8 0zM88 424h48v36.3l-64.5 11.3-31.1-31.1L51.7 376H88v48z\"><\/path><\/svg><\/div><div class=\"eael-content-timeline-content\"><h2 class=\"eael-timeline-title\"><a href=\"#\">2024<\/a><\/h2><p>28 May\u0131s 2024 tarihinde, Shandong Eyaleti Sanayi ve Bilgi Teknolojileri Bakanl\u0131\u011f\u0131 taraf\u0131ndan 2024 y\u0131l\u0131 Shandong Eyaleti \"\u00d6zel, Rafine, Benzersiz ve Yenilik\u00e7i\" KOB\u0130'lerinden biri olarak ilan edildi.<\/p><p>12 A\u011fustos 2024 tarihinde, Shandong Eyaleti Sanayi ve Bilgi Teknolojileri Bakanl\u0131\u011f\u0131 2024 y\u0131l\u0131 i\u00e7in il d\u00fczeyinde \"Ye\u015fil Fabrikalar\" listesini a\u00e7\u0131klad\u0131.<\/p><p>3 Aral\u0131k 2024 tarihinde, Shandong Eyaleti Sanayi ve Bilgi Teknolojileri Departman\u0131, Shandong Eyaleti \u0130malat \"Tek \u015eampiyon\" i\u015fletmelerinin sekizinci grubunu a\u00e7\u0131klad\u0131.<\/p><p>16 Aral\u0131k 2024 tarihinde, Shandong Eyaleti Sanayi ve Bilgi Teknolojileri Departman\u0131, 2024 y\u0131l\u0131 i\u00e7in Shandong Eyaleti Gazelle \u0130\u015fletmeleri listesini yay\u0131nlad\u0131.<\/p><span class=\"eael-date\"><\/span><\/div><\/div>\t\t\t\t\t\t\t\t\t\t\t\t\t\t\t\t\t\t<div class=\"eael-content-timeline-block\">\n    <div class=\"eael-content-timeline-line\">\n        <div class=\"eael-content-timeline-inner\"><\/div>\n    <\/div>\n    <div class=\"eael-content-timeline-img eael-picture\"><svg class=\"e-font-icon-svg e-fas-pencil-alt\" viewbox=\"0 0 512 512\" xmlns=\"http:\/\/www.w3.org\/2000\/svg\"><path d=\"M497.9 142.1l-46.1 46.1c-4.7 4.7-12.3 4.7-17 0l-111-111c-4.7-4.7-4.7-12.3 0-17l46.1-46.1c18.7-18.7 49.1-18.7 67.9 0l60.1 60.1c18.8 18.7 18.8 49.1 0 67.9zM284.2 99.8L21.6 362.4.4 483.9c-2.9 16.4 11.4 30.6 27.8 27.8l121.5-21.3 262.6-262.6c4.7-4.7 4.7-12.3 0-17l-111-111c-4.8-4.7-12.4-4.7-17.1 0zM124.1 339.9c-5.5-5.5-5.5-14.3 0-19.8l154-154c5.5-5.5 14.3-5.5 19.8 0s5.5 14.3 0 19.8l-154 154c-5.5 5.5-14.3 5.5-19.8 0zM88 424h48v36.3l-64.5 11.3-31.1-31.1L51.7 376H88v48z\"><\/path><\/svg><\/div><div class=\"eael-content-timeline-content\"><h2 class=\"eael-timeline-title\"><a href=\"#\">2025<\/a><\/h2><p>Ocak 2025\"te \u015firket, ikinci parti \"Y\u00fcksek Teknoloji \u0130\u015fletmesi\" incelemelerini yine ba\u015far\u0131yla ge\u00e7ti.<\/p><p>2025 y\u0131l\u0131n\u0131n Haziran ay\u0131nda, Liaocheng Belediye Sanayi ve Bilgi Teknolojileri B\u00fcrosu taraf\u0131ndan 2025 y\u0131l\u0131 i\u00e7in \"Bir \u0130\u015fletme, Bir Teknoloji\" Ar-Ge Merkezi olarak tan\u0131nd\u0131.<\/p><span class=\"eael-date\"><\/span><\/div><\/div>\t\t\t\t<\/div>\n\t\t\t<\/div>\n\t\t<\/div>\n\t\t\t\t\t<\/div>\n\t\t\t\t\t<\/div>\n\t\t\t\t<\/div>\n\t\t\t\t<\/div>","protected":false},"excerpt":{"rendered":"<p>2010 In 2010, the company was established and obtained the CCC certificate, and officially started production. 2014 In 2014, it obtained the &#8220;National Industrial Product Production License&#8221;; The company was rated as a &#8220;Level III Enterprise in Safety Production Standardization&#8221;. 2017 In 2017, it successfully listed on the Qilu Equity Exchange Center (equity trading code: [&hellip;]<\/p>\n","protected":false},"author":2,"featured_media":0,"parent":0,"menu_order":0,"comment_status":"closed","ping_status":"closed","template":"","meta":{"_acf_changed":false,"footnotes":""},"class_list":["post-5044","page","type-page","status-publish","hentry"],"acf":[],"_hostinger_reach_plugin_has_subscription_block":false,"_hostinger_reach_plugin_is_elementor":false,"_links":{"self":[{"href":"https:\/\/sdhcdljt.com\/tr\/wp-json\/wp\/v2\/pages\/5044","targetHints":{"allow":["GET"]}}],"collection":[{"href":"https:\/\/sdhcdljt.com\/tr\/wp-json\/wp\/v2\/pages"}],"about":[{"href":"https:\/\/sdhcdljt.com\/tr\/wp-json\/wp\/v2\/types\/page"}],"author":[{"embeddable":true,"href":"https:\/\/sdhcdljt.com\/tr\/wp-json\/wp\/v2\/users\/2"}],"replies":[{"embeddable":true,"href":"https:\/\/sdhcdljt.com\/tr\/wp-json\/wp\/v2\/comments?post=5044"}],"version-history":[{"count":0,"href":"https:\/\/sdhcdljt.com\/tr\/wp-json\/wp\/v2\/pages\/5044\/revisions"}],"wp:attachment":[{"href":"https:\/\/sdhcdljt.com\/tr\/wp-json\/wp\/v2\/media?parent=5044"}],"curies":[{"name":"wp","href":"https:\/\/api.w.org\/{rel}","templated":true}]}}